{"id":2,"date":"2024-01-07T12:00:23","date_gmt":"2024-01-07T11:00:23","guid":{"rendered":"http:\/\/augustinetdaphne.fr\/?page_id=2"},"modified":"2024-01-15T23:23:11","modified_gmt":"2024-01-15T22:23:11","slug":"presentation-et-services","status":"publish","type":"page","link":"https:\/\/augustinetdaphne.fr\/index.php\/presentation-et-services\/","title":{"rendered":"Pr\u00e9sentation et services"},"content":{"rendered":"\n<p><\/p>\n\n\n\n<p>A&amp;D &#8211; Augustin&amp;Daphn\u00e9 vous accompagne \u00e0 Nantes et r\u00e9gion nantaise.<\/p>\n\n\n\n<p>Nous collaborons au quotidien avec un r\u00e9seau d&rsquo;artisans et d&rsquo;entreprises s\u00e9lectionn\u00e9es pour leur professionnalisme, leurs comp\u00e9tences et leur notori\u00e9t\u00e9 avec lesquelles nous vous mettons en relation.<\/p>\n\n\n\n<p>Nos champs d&rsquo;intervention sont : <\/p>\n\n\n\n<ul class=\"wp-block-list\">\n<li>D\u00e9pannages (d\u00e9g\u00e2t des eaux, remplacement de serrure, volets roulants cass\u00e9s, &#8230;),<\/li>\n\n\n\n<li>Petit travaux ou r\u00e9novation, <\/li>\n\n\n\n<li>Vide maisons ou appartements, <\/li>\n\n\n\n<li>Calculs des aides pour r\u00e9novation \u00e9nerg\u00e9tique, <\/li>\n\n\n\n<li>Meubler et \u00e9quiper un appartement destin\u00e9 \u00e0 la location meubl\u00e9e,<\/li>\n\n\n\n<li>Entretien jardins et terrasses \/ balcons,<\/li>\n\n\n\n<li>D\u00e9coration d&rsquo;int\u00e9rieur,<\/li>\n\n\n\n<li>Retrait encombrants, <\/li>\n\n\n\n<li>&#8230; Liste non exhaustive ; nous \u00e9tudions toutes vos demandes.<\/li>\n<\/ul>\n\n\n\n<p><\/p>\n","protected":false},"excerpt":{"rendered":"<p>A&amp;D &#8211; Augustin&amp;Daphn\u00e9 vous accompagne \u00e0 Nantes et r\u00e9gion nantaise. Nous collaborons au quotidien avec un r\u00e9seau d&rsquo;artisans et d&rsquo;entreprises s\u00e9lectionn\u00e9es pour leur professionnalisme, leurs comp\u00e9tences et leur notori\u00e9t\u00e9 avec lesquelles nous vous mettons en relation. Nos champs d&rsquo;intervention sont :<\/p>\n","protected":false},"author":1,"featured_media":0,"parent":0,"menu_order":0,"comment_status":"closed","ping_status":"closed","template":"","meta":{"saved_in_kubio":false,"footnotes":""},"class_list":["post-2","page","type-page","status-publish","hentry"],"kubio_ai_page_context":{"short_desc":"","purpose":"general"},"jetpack_sharing_enabled":true,"_links":{"self":[{"href":"https:\/\/augustinetdaphne.fr\/index.php\/wp-json\/wp\/v2\/pages\/2","targetHints":{"allow":["GET"]}}],"collection":[{"href":"https:\/\/augustinetdaphne.fr\/index.php\/wp-json\/wp\/v2\/pages"}],"about":[{"href":"https:\/\/augustinetdaphne.fr\/index.php\/wp-json\/wp\/v2\/types\/page"}],"author":[{"embeddable":true,"href":"https:\/\/augustinetdaphne.fr\/index.php\/wp-json\/wp\/v2\/users\/1"}],"replies":[{"embeddable":true,"href":"https:\/\/augustinetdaphne.fr\/index.php\/wp-json\/wp\/v2\/comments?post=2"}],"version-history":[{"count":19,"href":"https:\/\/augustinetdaphne.fr\/index.php\/wp-json\/wp\/v2\/pages\/2\/revisions"}],"predecessor-version":[{"id":725,"href":"https:\/\/augustinetdaphne.fr\/index.php\/wp-json\/wp\/v2\/pages\/2\/revisions\/725"}],"wp:attachment":[{"href":"https:\/\/augustinetdaphne.fr\/index.php\/wp-json\/wp\/v2\/media?parent=2"}],"curies":[{"name":"wp","href":"https:\/\/api.w.org\/{rel}","templated":true}]}}