{"id":596,"date":"2024-01-06T15:40:22","date_gmt":"2024-01-06T14:40:22","guid":{"rendered":"https:\/\/augustinetdaphne.fr\/?page_id=596"},"modified":"2024-01-08T21:43:19","modified_gmt":"2024-01-08T20:43:19","slug":"nos-avis-clients","status":"publish","type":"page","link":"https:\/\/augustinetdaphne.fr\/index.php\/nos-avis-clients\/","title":{"rendered":"Nos avis clients"},"content":{"rendered":"\n<p>Parce que c&rsquo;est vous qui en parlez le mieux. <\/p>\n\n\n\n<div class=\"wp-block-buttons is-layout-flex wp-block-buttons-is-layout-flex\">\n<div class=\"wp-block-button\"><a class=\"wp-block-button__link wp-element-button\"><strong>D\u00e9poser un avis Google<\/strong><\/a><\/div>\n<\/div>\n\n\n\n<p>Nos derniers Avis :<\/p>\n\n\n\n<p>\u2b50\ufe0f\u2b50\ufe0f\u2b50\ufe0f\u2b50\ufe0f\u2b50\ufe0f Le 6 janvier 2024 &#8211; Pierre. \u00ab\u00a0<em>J&rsquo;ai utilis\u00e9 l&rsquo;outil A&amp;D pendant les f\u00eates suite \u00e0 un d\u00e9g\u00e2t des eaux. L&rsquo;artisan nous a contact\u00e9 dans les d\u00e9lais pr\u00e9vus et est intervenu dans la journ\u00e9e. Nous recommandons cet outil sans h\u00e9sitation<\/em>\u00ab\u00a0<\/p>\n\n\n\n<p>\u2b50\ufe0f\u2b50\ufe0f\u2b50\ufe0f\u2b50\ufe0f\u2b50\ufe0f Le 12 janvier 2024 &#8211; Camille. \u00ab\u00a0Je suis peintre en b\u00e2timent \u00e0 Nantes et suis partenaire de Augustin&amp;Daphn\u00e9.  Cet outil est tr\u00e8s pratique au quotidien et nous a permis de r\u00e9colter plein de nouveaux avis clients , tous positifs. Je recommande.\u00a0\u00bb<\/p>\n","protected":false},"excerpt":{"rendered":"<p>Parce que c&rsquo;est vous qui en parlez le mieux. Nos derniers Avis : \u2b50\ufe0f\u2b50\ufe0f\u2b50\ufe0f\u2b50\ufe0f\u2b50\ufe0f Le 6 janvier 2024 &#8211; Pierre. \u00ab\u00a0J&rsquo;ai utilis\u00e9 l&rsquo;outil A&amp;D pendant les f\u00eates suite \u00e0 un d\u00e9g\u00e2t des eaux. L&rsquo;artisan nous a contact\u00e9 dans les d\u00e9lais pr\u00e9vus et est intervenu dans la journ\u00e9e. Nous recommandons cet outil sans h\u00e9sitation\u00ab\u00a0 \u2b50\ufe0f\u2b50\ufe0f\u2b50\ufe0f\u2b50\ufe0f\u2b50\ufe0f Le [&hellip;]<\/p>\n","protected":false},"author":1,"featured_media":0,"parent":0,"menu_order":0,"comment_status":"closed","ping_status":"closed","template":"","meta":{"saved_in_kubio":false,"footnotes":""},"class_list":["post-596","page","type-page","status-publish","hentry"],"kubio_ai_page_context":{"short_desc":"","purpose":"general"},"jetpack_sharing_enabled":true,"_links":{"self":[{"href":"https:\/\/augustinetdaphne.fr\/index.php\/wp-json\/wp\/v2\/pages\/596","targetHints":{"allow":["GET"]}}],"collection":[{"href":"https:\/\/augustinetdaphne.fr\/index.php\/wp-json\/wp\/v2\/pages"}],"about":[{"href":"https:\/\/augustinetdaphne.fr\/index.php\/wp-json\/wp\/v2\/types\/page"}],"author":[{"embeddable":true,"href":"https:\/\/augustinetdaphne.fr\/index.php\/wp-json\/wp\/v2\/users\/1"}],"replies":[{"embeddable":true,"href":"https:\/\/augustinetdaphne.fr\/index.php\/wp-json\/wp\/v2\/comments?post=596"}],"version-history":[{"count":7,"href":"https:\/\/augustinetdaphne.fr\/index.php\/wp-json\/wp\/v2\/pages\/596\/revisions"}],"predecessor-version":[{"id":722,"href":"https:\/\/augustinetdaphne.fr\/index.php\/wp-json\/wp\/v2\/pages\/596\/revisions\/722"}],"wp:attachment":[{"href":"https:\/\/augustinetdaphne.fr\/index.php\/wp-json\/wp\/v2\/media?parent=596"}],"curies":[{"name":"wp","href":"https:\/\/api.w.org\/{rel}","templated":true}]}}