{"id":60,"date":"2024-01-06T22:03:14","date_gmt":"2024-01-06T21:03:14","guid":{"rendered":"http:\/\/augustinetdaphne.fr\/?page_id=60"},"modified":"2024-08-19T10:48:22","modified_gmt":"2024-08-19T08:48:22","slug":"formules","status":"publish","type":"page","link":"https:\/\/augustinetdaphne.fr\/index.php\/formules\/","title":{"rendered":"Nos Formules"},"content":{"rendered":"\n<p><\/p>\n\n\n\n<p><strong>POUR LES PARTICULIERS : <\/strong><\/p>\n\n\n\n<p><strong>Formule easy : GRATUIT<\/strong> : Mise en relation avec nos partenaires du lundi au vendredi de 9h \u00e0 18h. Engagement de rappel dans les 2 heures. ACC\u00c8S \u00c0 NOTRE PLATEFORME DE MISE EN RELATION, SUIVI AUTOMATIS\u00c9, HISTORIQUE DES INTERVENTIONS, T\u00c9L\u00c9CHARGEMENT DES DOCUMENTS (FACTURES, PHOTOGRAPHIES, ATTESTATIONS D&rsquo;ASSURANCES ENTREPRISES ET STATISTIQUES).<\/p>\n\n\n\n<p><\/p>\n\n\n\n<div class=\"wp-block-buttons is-layout-flex wp-block-buttons-is-layout-flex\">\n<div class=\"wp-block-button\"><a class=\"wp-block-button__link wp-element-button\">S&rsquo;INSCRIRE <\/a><\/div>\n<\/div>\n\n\n\n<p><\/p>\n\n\n\n<p><\/p>\n\n\n\n<p><strong>POUR LES ARTISANS : <\/strong><\/p>\n\n\n\n<p>Acc\u00e8s gratuit \u00e0 notre outil sous r\u00e9serve de la validation de l&rsquo;inscription par A&amp;D et la signature de la Charte A&amp;D. Outil de mise en relation automatis\u00e9, suivi, historique des interventions, t\u00e9l\u00e9chargement des documents et statistiques<\/p>\n\n\n\n<p><\/p>\n\n\n\n<div class=\"wp-block-buttons is-layout-flex wp-block-buttons-is-layout-flex\">\n<div class=\"wp-block-button\"><a class=\"wp-block-button__link wp-element-button\">En savoir plus<\/a><\/div>\n<\/div>\n","protected":false},"excerpt":{"rendered":"<p>POUR LES PARTICULIERS : Formule easy : GRATUIT : Mise en relation avec nos partenaires du lundi au vendredi de 9h \u00e0 18h. Engagement de rappel dans les 2 heures. ACC\u00c8S \u00c0 NOTRE PLATEFORME DE MISE EN RELATION, SUIVI AUTOMATIS\u00c9, HISTORIQUE DES INTERVENTIONS, T\u00c9L\u00c9CHARGEMENT DES DOCUMENTS (FACTURES, PHOTOGRAPHIES, ATTESTATIONS D&rsquo;ASSURANCES ENTREPRISES ET STATISTIQUES). POUR LES [&hellip;]<\/p>\n","protected":false},"author":1,"featured_media":0,"parent":0,"menu_order":0,"comment_status":"closed","ping_status":"closed","template":"","meta":{"saved_in_kubio":true,"footnotes":""},"class_list":["post-60","page","type-page","status-publish","hentry"],"kubio_ai_page_context":{"short_desc":"","purpose":"general"},"jetpack_sharing_enabled":true,"_links":{"self":[{"href":"https:\/\/augustinetdaphne.fr\/index.php\/wp-json\/wp\/v2\/pages\/60","targetHints":{"allow":["GET"]}}],"collection":[{"href":"https:\/\/augustinetdaphne.fr\/index.php\/wp-json\/wp\/v2\/pages"}],"about":[{"href":"https:\/\/augustinetdaphne.fr\/index.php\/wp-json\/wp\/v2\/types\/page"}],"author":[{"embeddable":true,"href":"https:\/\/augustinetdaphne.fr\/index.php\/wp-json\/wp\/v2\/users\/1"}],"replies":[{"embeddable":true,"href":"https:\/\/augustinetdaphne.fr\/index.php\/wp-json\/wp\/v2\/comments?post=60"}],"version-history":[{"count":41,"href":"https:\/\/augustinetdaphne.fr\/index.php\/wp-json\/wp\/v2\/pages\/60\/revisions"}],"predecessor-version":[{"id":896,"href":"https:\/\/augustinetdaphne.fr\/index.php\/wp-json\/wp\/v2\/pages\/60\/revisions\/896"}],"wp:attachment":[{"href":"https:\/\/augustinetdaphne.fr\/index.php\/wp-json\/wp\/v2\/media?parent=60"}],"curies":[{"name":"wp","href":"https:\/\/api.w.org\/{rel}","templated":true}]}}