{"id":604,"date":"2024-01-06T16:00:26","date_gmt":"2024-01-06T15:00:26","guid":{"rendered":"https:\/\/augustinetdaphne.fr\/?page_id=604"},"modified":"2024-01-13T09:23:46","modified_gmt":"2024-01-13T08:23:46","slug":"artisans","status":"publish","type":"page","link":"https:\/\/augustinetdaphne.fr\/index.php\/artisans\/","title":{"rendered":"Les Artisans"},"content":{"rendered":"\n<div class=\"wp-block-group is-nowrap is-layout-flex wp-container-core-group-is-layout-6c531013 wp-block-group-is-layout-flex\"><\/div>\n\n\n\n<p>Une excellente relation avec nos artisans : c&rsquo;est l&rsquo;ADN de A&amp;D. <\/p>\n\n\n\n<p>Nous avons s\u00e9lectionn\u00e9 les meilleurs professionnels de tous corps de m\u00e9tiers sur notre territoire. <\/p>\n\n\n\n<p>La s\u00e9lection s&rsquo;est faite sur les avis clients (Google Business Profile) et sur le respect des d\u00e9lais de r\u00e9ponse. Ces derniers s&rsquo;engagent \u00e0 rappeler les utilisateurs de A&amp;D dans les 2 heures qui suivent la demande et \u00e0 pr\u00e9voir une intervention dans les meilleurs d\u00e9lais.<\/p>\n\n\n\n<p>En contrepartie nous nous engageons \u00e0 r\u00e9colter les avis clients \u00e0 chaque intervention afin d&rsquo;am\u00e9liorer encore leur notori\u00e9t\u00e9 locale et ainsi leur r\u00e9f\u00e9rencement Google. Nous proposons \u00e9galement \u00e0 nos partenaires un service de community management.<\/p>\n\n\n\n<p>Ces engagements sont formalis\u00e9s dans une charte sign\u00e9e ensemble.<\/p>\n\n\n\n<p><\/p>\n\n\n\n<p>ARTISANS, vous souhaitez rejoindre l&rsquo;aventure A&amp;D contactez-nous par mail \u00e0 contact@augustinetdaphne.fr ou par t\u00e9l\u00e9phone au 0650421700.<\/p>\n\n\n\n<p><\/p>\n\n\n\n<p>Qualit\u00e9 de service . Respect des tarifs . Dispo dans la journ\u00e9e pour enventiekle intervention. <\/p>\n\n\n\n<div class=\"wp-block-buttons is-layout-flex wp-block-buttons-is-layout-flex\">\n<div class=\"wp-block-button\"><a class=\"wp-block-button__link wp-element-button\"><strong>ESPACE ARTISANS<\/strong><\/a><\/div>\n<\/div>\n\n\n\n<div class=\"wp-block-group is-nowrap is-layout-flex wp-container-core-group-is-layout-6c531013 wp-block-group-is-layout-flex\"><\/div>\n\n\n\n<div class=\"wp-block-group is-nowrap is-layout-flex wp-container-core-group-is-layout-6c531013 wp-block-group-is-layout-flex\">\n<div class=\"wp-block-group is-nowrap is-layout-flex wp-container-core-group-is-layout-6c531013 wp-block-group-is-layout-flex\">\n<div class=\"wp-block-group is-nowrap is-layout-flex wp-container-core-group-is-layout-6c531013 wp-block-group-is-layout-flex\">\n<p><\/p>\n<\/div>\n<\/div>\n<\/div>\n","protected":false},"excerpt":{"rendered":"<p>Une excellente relation avec nos artisans : c&rsquo;est l&rsquo;ADN de A&amp;D. Nous avons s\u00e9lectionn\u00e9 les meilleurs professionnels de tous corps de m\u00e9tiers sur notre territoire. La s\u00e9lection s&rsquo;est faite sur les avis clients (Google Business Profile) et sur le respect des d\u00e9lais de r\u00e9ponse. Ces derniers s&rsquo;engagent \u00e0 rappeler les utilisateurs de A&amp;D dans les [&hellip;]<\/p>\n","protected":false},"author":1,"featured_media":0,"parent":0,"menu_order":0,"comment_status":"closed","ping_status":"closed","template":"","meta":{"saved_in_kubio":false,"footnotes":""},"class_list":["post-604","page","type-page","status-publish","hentry"],"kubio_ai_page_context":{"short_desc":"","purpose":"general"},"jetpack_sharing_enabled":true,"_links":{"self":[{"href":"https:\/\/augustinetdaphne.fr\/index.php\/wp-json\/wp\/v2\/pages\/604","targetHints":{"allow":["GET"]}}],"collection":[{"href":"https:\/\/augustinetdaphne.fr\/index.php\/wp-json\/wp\/v2\/pages"}],"about":[{"href":"https:\/\/augustinetdaphne.fr\/index.php\/wp-json\/wp\/v2\/types\/page"}],"author":[{"embeddable":true,"href":"https:\/\/augustinetdaphne.fr\/index.php\/wp-json\/wp\/v2\/users\/1"}],"replies":[{"embeddable":true,"href":"https:\/\/augustinetdaphne.fr\/index.php\/wp-json\/wp\/v2\/comments?post=604"}],"version-history":[{"count":14,"href":"https:\/\/augustinetdaphne.fr\/index.php\/wp-json\/wp\/v2\/pages\/604\/revisions"}],"predecessor-version":[{"id":819,"href":"https:\/\/augustinetdaphne.fr\/index.php\/wp-json\/wp\/v2\/pages\/604\/revisions\/819"}],"wp:attachment":[{"href":"https:\/\/augustinetdaphne.fr\/index.php\/wp-json\/wp\/v2\/media?parent=604"}],"curies":[{"name":"wp","href":"https:\/\/api.w.org\/{rel}","templated":true}]}}