{"id":827,"date":"2024-01-12T23:13:15","date_gmt":"2024-01-12T22:13:15","guid":{"rendered":"https:\/\/augustinetdaphne.fr\/index.php\/statistiques\/"},"modified":"2024-01-16T12:53:44","modified_gmt":"2024-01-16T11:53:44","slug":"statistiques","status":"publish","type":"page","link":"https:\/\/augustinetdaphne.fr\/index.php\/statistiques\/","title":{"rendered":"STATISTIQUES"},"content":{"rendered":"\n<p><\/p>\n\n\n\n<h1 class=\"wp-block-heading has-text-align-center\"><strong>312 Artisans<\/strong><\/h1>\n\n\n\n<p class=\"has-text-align-center\">Ou professionnels du b\u00e2timent<\/p>\n\n\n\n<hr class=\"wp-block-separator has-alpha-channel-opacity\"\/>\n\n\n\n<h1 class=\"wp-block-heading has-text-align-center\"><strong>4,85\/5<\/strong><\/h1>\n\n\n\n<p class=\"has-text-align-center\">\u2b50\ufe0f\u2b50\ufe0f\u2b50\ufe0f\u2b50\ufe0f\u2b50\ufe0f <\/p>\n\n\n\n<p class=\"has-text-align-center\">Note moyenne des avis clients de nos Artisans<\/p>\n\n\n\n<hr class=\"wp-block-separator has-alpha-channel-opacity\"\/>\n\n\n\n<h1 class=\"wp-block-heading has-text-align-center\"><strong>00h 26m 38s<\/strong><\/h1>\n\n\n\n<p class=\"has-text-align-center\">D\u00e9lai moyen pour \u00eatre rappel\u00e9 par nos partenaires<\/p>\n\n\n\n<hr class=\"wp-block-separator has-alpha-channel-opacity\"\/>\n\n\n\n<h1 class=\"wp-block-heading has-text-align-center\"><strong>0j<\/strong> <strong>03h 31m 45s<\/strong><\/h1>\n\n\n\n<p class=\"has-text-align-center\">D\u00e9lai moyen pour une intervention <\/p>\n\n\n\n<hr class=\"wp-block-separator has-alpha-channel-opacity\"\/>\n\n\n\n<h1 class=\"wp-block-heading has-text-align-center\"><strong>7.656<\/strong><\/h1>\n\n\n\n<p class=\"has-text-align-center\">Utilisateurs Formule Easy<\/p>\n\n\n\n<hr class=\"wp-block-separator has-alpha-channel-opacity\"\/>\n\n\n\n<h1 class=\"wp-block-heading has-text-align-center\"><strong>217<\/strong><\/h1>\n\n\n\n<p class=\"has-text-align-center\">Utilisateurs Formule Premium <\/p>\n\n\n\n<hr class=\"wp-block-separator has-alpha-channel-opacity\"\/>\n\n\n\n<h1 class=\"wp-block-heading has-text-align-center\"><strong>185 \u20ac<\/strong> <strong>TTC<\/strong><\/h1>\n\n\n\n<p class=\"has-text-align-center\">Montant moyen des factures artisans<\/p>\n\n\n\n<hr class=\"wp-block-separator has-alpha-channel-opacity\"\/>\n\n\n\n<h1 class=\"wp-block-heading has-text-align-center\"><strong>89<\/strong><\/h1>\n\n\n\n<p class=\"has-text-align-center\">Interventions par mois en moyenne<\/p>\n\n\n\n<hr class=\"wp-block-separator has-alpha-channel-opacity\"\/>\n\n\n\n<h1 class=\"wp-block-heading has-text-align-center\"><strong>91 %<\/strong><\/h1>\n\n\n\n<p class=\"has-text-align-center\">De propri\u00e9taires utilisateurs de A&amp;D<\/p>\n\n\n\n<hr class=\"wp-block-separator has-alpha-channel-opacity\"\/>\n","protected":false},"excerpt":{"rendered":"<p>312 Artisans Ou professionnels du b\u00e2timent 4,85\/5 \u2b50\ufe0f\u2b50\ufe0f\u2b50\ufe0f\u2b50\ufe0f\u2b50\ufe0f Note moyenne des avis clients de nos Artisans 00h 26m 38s D\u00e9lai moyen pour \u00eatre rappel\u00e9 par nos partenaires 0j 03h 31m 45s D\u00e9lai moyen pour une intervention 7.656 Utilisateurs Formule Easy 217 Utilisateurs Formule Premium 185 \u20ac TTC Montant moyen des factures artisans 89 Interventions par [&hellip;]<\/p>\n","protected":false},"author":1,"featured_media":0,"parent":0,"menu_order":0,"comment_status":"closed","ping_status":"closed","template":"","meta":{"saved_in_kubio":false,"footnotes":""},"class_list":["post-827","page","type-page","status-publish","hentry"],"kubio_ai_page_context":{"short_desc":"","purpose":"general"},"jetpack_sharing_enabled":true,"_links":{"self":[{"href":"https:\/\/augustinetdaphne.fr\/index.php\/wp-json\/wp\/v2\/pages\/827","targetHints":{"allow":["GET"]}}],"collection":[{"href":"https:\/\/augustinetdaphne.fr\/index.php\/wp-json\/wp\/v2\/pages"}],"about":[{"href":"https:\/\/augustinetdaphne.fr\/index.php\/wp-json\/wp\/v2\/types\/page"}],"author":[{"embeddable":true,"href":"https:\/\/augustinetdaphne.fr\/index.php\/wp-json\/wp\/v2\/users\/1"}],"replies":[{"embeddable":true,"href":"https:\/\/augustinetdaphne.fr\/index.php\/wp-json\/wp\/v2\/comments?post=827"}],"version-history":[{"count":15,"href":"https:\/\/augustinetdaphne.fr\/index.php\/wp-json\/wp\/v2\/pages\/827\/revisions"}],"predecessor-version":[{"id":890,"href":"https:\/\/augustinetdaphne.fr\/index.php\/wp-json\/wp\/v2\/pages\/827\/revisions\/890"}],"wp:attachment":[{"href":"https:\/\/augustinetdaphne.fr\/index.php\/wp-json\/wp\/v2\/media?parent=827"}],"curies":[{"name":"wp","href":"https:\/\/api.w.org\/{rel}","templated":true}]}}