{"id":837,"date":"2024-01-12T23:43:52","date_gmt":"2024-01-12T22:43:52","guid":{"rendered":"https:\/\/augustinetdaphne.fr\/index.php\/formulaire-artisan\/"},"modified":"2024-01-13T11:49:42","modified_gmt":"2024-01-13T10:49:42","slug":"formulaire-artisan","status":"publish","type":"page","link":"https:\/\/augustinetdaphne.fr\/index.php\/formulaire-artisan\/","title":{"rendered":"Formulaire Artisan"},"content":{"rendered":"\n<p><\/p>\n\n\n\n<figure class=\"wp-block-image aligncenter size-medium is-style-rounded\"><img loading=\"lazy\" decoding=\"async\" width=\"300\" height=\"300\" src=\"https:\/\/augustinetdaphne.fr\/wp-content\/uploads\/2024\/01\/fb_img_17050989454658858221120818904761-300x300.jpg\" alt=\"\" class=\"wp-image-855\" srcset=\"https:\/\/augustinetdaphne.fr\/wp-content\/uploads\/2024\/01\/fb_img_17050989454658858221120818904761-300x300.jpg 300w, https:\/\/augustinetdaphne.fr\/wp-content\/uploads\/2024\/01\/fb_img_17050989454658858221120818904761-1024x1024.jpg 1024w, https:\/\/augustinetdaphne.fr\/wp-content\/uploads\/2024\/01\/fb_img_17050989454658858221120818904761-150x150.jpg 150w, https:\/\/augustinetdaphne.fr\/wp-content\/uploads\/2024\/01\/fb_img_17050989454658858221120818904761-768x768.jpg 768w, https:\/\/augustinetdaphne.fr\/wp-content\/uploads\/2024\/01\/fb_img_17050989454658858221120818904761.jpg 1080w\" sizes=\"auto, (max-width: 300px) 100vw, 300px\" \/><\/figure>\n\n\n\n<h1 class=\"wp-block-heading\"><strong>LE GO\u00dbT STUDIO NANTES<\/strong><\/h1>\n\n\n\n<figure class=\"wp-block-image aligncenter size-medium is-style-rounded\"><img loading=\"lazy\" decoding=\"async\" width=\"300\" height=\"300\" src=\"https:\/\/augustinetdaphne.fr\/wp-content\/uploads\/2024\/01\/screenshot_20240112_234000_instagram5107800597685171487-300x300.jpg\" alt=\"\" class=\"wp-image-850\" srcset=\"https:\/\/augustinetdaphne.fr\/wp-content\/uploads\/2024\/01\/screenshot_20240112_234000_instagram5107800597685171487-300x300.jpg 300w, https:\/\/augustinetdaphne.fr\/wp-content\/uploads\/2024\/01\/screenshot_20240112_234000_instagram5107800597685171487-150x150.jpg 150w\" sizes=\"auto, (max-width: 300px) 100vw, 300px\" \/><\/figure>\n\n\n\n<p><\/p>\n\n\n\n<p>G\u00e9rant : <strong>C\u00e9cile Pajot<\/strong> <\/p>\n\n\n\n<p><\/p>\n\n\n\n<p>T\u00e9l\u00e9phone : 06 88 58 44 30 <\/p>\n\n\n\n<p>Mail : cecile@legout-studio.fr <\/p>\n\n\n\n<p><\/p>\n\n\n\n<p>Adresse : <a href=\"https:\/\/maps.app.goo.gl\/J1FGbLAUkUgWPmak7\">51, Rue des Chal\u00e2tres 44000 Nantes<\/a><\/p>\n\n\n\n<p>Site internet : <a href=\"http:\/\/www.legout-studio.fr\">www.legout-studio.fr<\/a><\/p>\n\n\n\n<p><\/p>\n\n\n\n<p>Activit\u00e9 : d\u00e9coration et design d&rsquo;int\u00e9rieur <\/p>\n\n\n\n<p>Zone d&rsquo;intervention :<\/p>\n\n\n\n<p>. LOIRE ATLANTIQUE,<\/p>\n\n\n\n<p>. MORBIHAN, <\/p>\n\n\n\n<p>. PARIS.<\/p>\n\n\n\n<p><\/p>\n\n\n\n<ul class=\"wp-block-social-links is-layout-flex wp-block-social-links-is-layout-flex\"><li class=\"wp-social-link wp-social-link-instagram  wp-block-social-link\"><a href=\"https:\/\/www.instagram.com\/legoutstudio?igsh=YjFjcnIwaGZuZXBo\" class=\"wp-block-social-link-anchor\"><svg width=\"24\" height=\"24\" viewBox=\"0 0 24 24\" version=\"1.1\" xmlns=\"http:\/\/www.w3.org\/2000\/svg\" aria-hidden=\"true\" focusable=\"false\"><path d=\"M12,4.622c2.403,0,2.688,0.009,3.637,0.052c0.877,0.04,1.354,0.187,1.671,0.31c0.42,0.163,0.72,0.358,1.035,0.673 c0.315,0.315,0.51,0.615,0.673,1.035c0.123,0.317,0.27,0.794,0.31,1.671c0.043,0.949,0.052,1.234,0.052,3.637 s-0.009,2.688-0.052,3.637c-0.04,0.877-0.187,1.354-0.31,1.671c-0.163,0.42-0.358,0.72-0.673,1.035 c-0.315,0.315-0.615,0.51-1.035,0.673c-0.317,0.123-0.794,0.27-1.671,0.31c-0.949,0.043-1.233,0.052-3.637,0.052 s-2.688-0.009-3.637-0.052c-0.877-0.04-1.354-0.187-1.671-0.31c-0.42-0.163-0.72-0.358-1.035-0.673 c-0.315-0.315-0.51-0.615-0.673-1.035c-0.123-0.317-0.27-0.794-0.31-1.671C4.631,14.688,4.622,14.403,4.622,12 s0.009-2.688,0.052-3.637c0.04-0.877,0.187-1.354,0.31-1.671c0.163-0.42,0.358-0.72,0.673-1.035 c0.315-0.315,0.615-0.51,1.035-0.673c0.317-0.123,0.794-0.27,1.671-0.31C9.312,4.631,9.597,4.622,12,4.622 M12,3 C9.556,3,9.249,3.01,8.289,3.054C7.331,3.098,6.677,3.25,6.105,3.472C5.513,3.702,5.011,4.01,4.511,4.511 c-0.5,0.5-0.808,1.002-1.038,1.594C3.25,6.677,3.098,7.331,3.054,8.289C3.01,9.249,3,9.556,3,12c0,2.444,0.01,2.751,0.054,3.711 c0.044,0.958,0.196,1.612,0.418,2.185c0.23,0.592,0.538,1.094,1.038,1.594c0.5,0.5,1.002,0.808,1.594,1.038 c0.572,0.222,1.227,0.375,2.185,0.418C9.249,20.99,9.556,21,12,21s2.751-0.01,3.711-0.054c0.958-0.044,1.612-0.196,2.185-0.418 c0.592-0.23,1.094-0.538,1.594-1.038c0.5-0.5,0.808-1.002,1.038-1.594c0.222-0.572,0.375-1.227,0.418-2.185 C20.99,14.751,21,14.444,21,12s-0.01-2.751-0.054-3.711c-0.044-0.958-0.196-1.612-0.418-2.185c-0.23-0.592-0.538-1.094-1.038-1.594 c-0.5-0.5-1.002-0.808-1.594-1.038c-0.572-0.222-1.227-0.375-2.185-0.418C14.751,3.01,14.444,3,12,3L12,3z M12,7.378 c-2.552,0-4.622,2.069-4.622,4.622S9.448,16.622,12,16.622s4.622-2.069,4.622-4.622S14.552,7.378,12,7.378z M12,15 c-1.657,0-3-1.343-3-3s1.343-3,3-3s3,1.343,3,3S13.657,15,12,15z M16.804,6.116c-0.596,0-1.08,0.484-1.08,1.08 s0.484,1.08,1.08,1.08c0.596,0,1.08-0.484,1.08-1.08S17.401,6.116,16.804,6.116z\"><\/path><\/svg><span class=\"wp-block-social-link-label screen-reader-text\">Instagram<\/span><\/a><\/li>\n\n<li class=\"wp-social-link wp-social-link-facebook  wp-block-social-link\"><a href=\"https:\/\/www.facebook.com\/legoutstudio\" class=\"wp-block-social-link-anchor\"><svg width=\"24\" height=\"24\" viewBox=\"0 0 24 24\" version=\"1.1\" xmlns=\"http:\/\/www.w3.org\/2000\/svg\" aria-hidden=\"true\" focusable=\"false\"><path d=\"M12 2C6.5 2 2 6.5 2 12c0 5 3.7 9.1 8.4 9.9v-7H7.9V12h2.5V9.8c0-2.5 1.5-3.9 3.8-3.9 1.1 0 2.2.2 2.2.2v2.5h-1.3c-1.2 0-1.6.8-1.6 1.6V12h2.8l-.4 2.9h-2.3v7C18.3 21.1 22 17 22 12c0-5.5-4.5-10-10-10z\"><\/path><\/svg><span class=\"wp-block-social-link-label screen-reader-text\">Facebook<\/span><\/a><\/li>\n\n<\/ul>\n\n\n\n<p><\/p>\n\n\n\n<p>Informations l\u00e9gales Entreprise individuelle enregistr\u00e9e au Rcs de Nantes sous le num\u00e9ro 478 345 897 si\u00e8ge social 47 rue audigane 44150 Ancenis Saint G\u00e9r\u00e9on. <\/p>\n\n\n\n<p><\/p>\n\n\n\n<p class=\"has-vivid-red-color has-text-color\"><strong>SES STATISTIQUES :<\/strong><\/p>\n\n\n\n<p>. DELAI DE RAPPEL : 28 MINUTES <\/p>\n\n\n\n<p>. DELAI POUR UN RDV : 3 JOURS <\/p>\n\n\n\n<p>. SATISFACTION EXPERIENCE CLIENTS : 4.9\/5<\/p>\n\n\n\n<p>. NOMBRE D&rsquo;AVIS CLIENTS : 39<\/p>\n\n\n\n<p>.  <\/p>\n","protected":false},"excerpt":{"rendered":"<p>LE GO\u00dbT STUDIO NANTES G\u00e9rant : C\u00e9cile Pajot T\u00e9l\u00e9phone : 06 88 58 44 30 Mail : cecile@legout-studio.fr Adresse : 51, Rue des Chal\u00e2tres 44000 Nantes Site internet : www.legout-studio.fr Activit\u00e9 : d\u00e9coration et design d&rsquo;int\u00e9rieur Zone d&rsquo;intervention : . LOIRE ATLANTIQUE, . MORBIHAN, . PARIS. Informations l\u00e9gales Entreprise individuelle enregistr\u00e9e au Rcs de Nantes [&hellip;]<\/p>\n","protected":false},"author":1,"featured_media":0,"parent":0,"menu_order":0,"comment_status":"closed","ping_status":"closed","template":"","meta":{"saved_in_kubio":false,"footnotes":""},"class_list":["post-837","page","type-page","status-publish","hentry"],"kubio_ai_page_context":{"short_desc":"","purpose":"general"},"jetpack_sharing_enabled":true,"_links":{"self":[{"href":"https:\/\/augustinetdaphne.fr\/index.php\/wp-json\/wp\/v2\/pages\/837","targetHints":{"allow":["GET"]}}],"collection":[{"href":"https:\/\/augustinetdaphne.fr\/index.php\/wp-json\/wp\/v2\/pages"}],"about":[{"href":"https:\/\/augustinetdaphne.fr\/index.php\/wp-json\/wp\/v2\/types\/page"}],"author":[{"embeddable":true,"href":"https:\/\/augustinetdaphne.fr\/index.php\/wp-json\/wp\/v2\/users\/1"}],"replies":[{"embeddable":true,"href":"https:\/\/augustinetdaphne.fr\/index.php\/wp-json\/wp\/v2\/comments?post=837"}],"version-history":[{"count":19,"href":"https:\/\/augustinetdaphne.fr\/index.php\/wp-json\/wp\/v2\/pages\/837\/revisions"}],"predecessor-version":[{"id":869,"href":"https:\/\/augustinetdaphne.fr\/index.php\/wp-json\/wp\/v2\/pages\/837\/revisions\/869"}],"wp:attachment":[{"href":"https:\/\/augustinetdaphne.fr\/index.php\/wp-json\/wp\/v2\/media?parent=837"}],"curies":[{"name":"wp","href":"https:\/\/api.w.org\/{rel}","templated":true}]}}